{"id":866,"date":"2016-09-01T17:49:11","date_gmt":"2016-09-01T21:49:11","guid":{"rendered":"http:\/\/repairpl.secretlab.pw\/?page_id=866"},"modified":"2017-12-12T15:19:33","modified_gmt":"2017-12-12T20:19:33","slug":"home-page","status":"publish","type":"page","link":"https:\/\/plomberiegoyer.com\/en\/home-page\/","title":{"rendered":"Home Page old"},"content":{"rendered":"<p>[vc_row full_width=&#8221;stretch_row&#8221; css=&#8221;.vc_custom_1503464019810{margin-top: -100px !important;padding-bottom: 35px !important;background-color: #2a3548 !important;}&#8221; el_class=&#8221;greencorner&#8221;][vc_column width=&#8221;1\/2&#8243; offset=&#8221;vc_col-lg-8 vc_col-md-8 vc_col-xs-12&#8243;][ult_animation_block animation=&#8221;No Animation&#8221; animation_duration=&#8221;0.5&#8243; animation_delay=&#8221;0&#8243; animation_iteration_count=&#8221;1&#8243;][vc_custom_heading text=&#8221;Vous avez un projet en plomberie ?&#8221; font_container=&#8221;tag:h2|font_size:36px|text_align:left|color:%23ffffff|line_height:40px&#8221; google_fonts=&#8221;font_family:Roboto%3A100%2C100italic%2C300%2C300italic%2Cregular%2Citalic%2C500%2C500italic%2C700%2C700italic%2C900%2C900italic|font_style:700%20bold%20regular%3A700%3Anormal&#8221; css=&#8221;.vc_custom_1511801804243{margin-bottom: 10px !important;}&#8221;][vc_custom_heading text=&#8221;Plomberie Goyer, c\u2019est 85 employ\u00e9s et une flotte de plus d\u2019une vingtaine de camions, qui vous garantissent un service fiable et rapide 24 heures sur 24, 7 jours sur 7.&#8221; font_container=&#8221;tag:p|font_size:26px|text_align:left|color:%2396a1b7|line_height:32px&#8221; google_fonts=&#8221;font_family:Roboto%3A100%2C100italic%2C300%2C300italic%2Cregular%2Citalic%2C500%2C500italic%2C700%2C700italic%2C900%2C900italic|font_style:300%20light%20regular%3A300%3Anormal&#8221;][\/ult_animation_block][\/vc_column][vc_column width=&#8221;1\/6&#8243; offset=&#8221;vc_col-lg-4 vc_col-md-4 vc_col-xs-12&#8243;][ult_animation_block animation=&#8221;No Animation&#8221; animation_duration=&#8221;0.5&#8243; animation_delay=&#8221;0.3&#8243; animation_iteration_count=&#8221;1&#8243;][vc_btn title=&#8221;Demander une soumission&#8221; el_class=&#8221;btn btn-lg btn-standard&#8221; css=&#8221;.vc_custom_1511801689731{padding-top: 40px !important;}&#8221; link=&#8221;url:%2Fcontacts%2F|||&#8221;][\/ult_animation_block][\/vc_column][\/vc_row][vc_row full_width=&#8221;stretch_row&#8221; bg_type=&#8221;image&#8221; parallax_style=&#8221;vcpb-default&#8221; bg_image_new=&#8221;id^1594|url^https:\/\/plomberiegoyer.com\/wp-content\/uploads\/2017\/11\/Photo-\u00c9quipe-PGI-HD.jpg|caption^null|alt^null|title^Photo \u00c9quipe PGI-HD|description^null&#8221; bg_image_repeat=&#8221;no-repeat&#8221;][vc_column width=&#8221;1\/2&#8243; el_class=&#8221;welcome-to-company&#8221;][ult_animation_block animation=&#8221;No Animation&#8221; animation_duration=&#8221;0.5&#8243; animation_delay=&#8221;0&#8243; animation_iteration_count=&#8221;1&#8243;][vc_custom_heading text=&#8221;&#8221; font_container=&#8221;tag:h1|text_align:left|color:%231e73be&#8221; use_theme_fonts=&#8221;yes&#8221; css=&#8221;.vc_custom_1511806972565{padding-top: 32px !important;padding-right: 300px !important;}&#8221;][\/ult_animation_block][\/vc_column][vc_column width=&#8221;1\/2&#8243; css=&#8221;.vc_custom_1511806727108{padding-bottom: 40px !important;background-color: #ffffff !important;}&#8221; el_class=&#8221;background-box&#8221;][ult_animation_block animation=&#8221;No Animation&#8221; animation_duration=&#8221;0.5&#8243; animation_delay=&#8221;0.3&#8243; animation_iteration_count=&#8221;1&#8243;][vc_custom_heading text=&#8221;Plomberie Goyer intervient partout au Qu\u00e9bec et m\u00eame en dehors de la Province pour satisfaire pleinement une vaste client\u00e8le des secteurs industriel, institutionnel, commercial et r\u00e9sidentiel.&#8221; font_container=&#8221;tag:p|font_size:26px|text_align:left&#8221; google_fonts=&#8221;font_family:Roboto%3A100%2C100italic%2C300%2C300italic%2Cregular%2Citalic%2C500%2C500italic%2C700%2C700italic%2C900%2C900italic|font_style:400%20regular%3A400%3Anormal&#8221; css=&#8221;.vc_custom_1511802000430{margin-bottom: 10px !important;}&#8221;][vc_column_text]<\/p>\n<h2>DEPUIS 1940<\/h2>\n<p>Les besoins de nos clients et leurs motivations nous incitent \u00e0 ma\u00eetriser toutes les techniques reli\u00e9es \u00e0 la m\u00e9canique du b\u00e2timent et de proc\u00e9d\u00e9, aux salles blanches, au soudage orbital ou par fusion ainsi qu\u2019\u00e0 d\u2019autres technologies d\u2019avant-garde. Quoi qu\u2019il en soit, notre passion demeure de toujours concevoir des solutions\u00a0innovantes pour chacun de nos clients.<\/p>\n<p>Pour faire un\u00a0succ\u00e8s de tous vos projets de plomberie, chauffage, ventilation, climatisation\u00a0et traitement d&#8217;eau, Plomberie Goyer est votre partenaire de confiance.[\/vc_column_text][ult_createlink title=&#8221;En savoir plus&#8221; text_color=&#8221;#8ec549&#8243; text_style=&#8221;left&#8221;][\/ult_animation_block][\/vc_column][\/vc_row][vc_row full_width=&#8221;stretch_row&#8221; equal_height=&#8221;yes&#8221; css=&#8221;.vc_custom_1473010264597{background-color: #8ec549 !important;}&#8221;][vc_column width=&#8221;2\/3&#8243; el_class=&#8221;background-box_r our-service&#8221; css=&#8221;.vc_custom_1474989148332{background-color: #2a3548 !important;}&#8221; offset=&#8221;vc_col-lg-6 vc_col-md-6 vc_col-xs-12&#8243;][ult_animation_block animation=&#8221;No Animation&#8221; animation_duration=&#8221;0.5&#8243; animation_delay=&#8221;0&#8243; animation_iteration_count=&#8221;1&#8243;][vc_custom_heading text=&#8221;Chauffage et Gaz&#8221; font_container=&#8221;tag:h1|text_align:left|color:%23ffffff&#8221; use_theme_fonts=&#8221;yes&#8221; css=&#8221;.vc_custom_1511807108463{padding-top: 15px !important;}&#8221;][vc_column_text css=&#8221;.vc_custom_1511809746428{margin-bottom: 60px !important;padding-right: 150px !important;}&#8221;]<span style=\"color: #ffffff;\"><strong>Energie Goyer\u00a0<\/strong>compte plusieurs techniciens qualifi\u00e9s et installateurs en tuyauterie de gaz. Tous nos techniciens sont qualifi\u00e9s par l&#8217;\u00c9cole de Technologie Gazi\u00e8re et le gouvernement du Qu\u00e9bec.<\/span>[\/vc_column_text][\/ult_animation_block][\/vc_column][vc_column width=&#8221;1\/3&#8243; css=&#8221;.vc_custom_1474989170423{margin-bottom: 110px !important;padding-top: 110px !important;}&#8221; offset=&#8221;vc_col-md-6 vc_col-xs-12&#8243;][ult_animation_block animation=&#8221;No Animation&#8221; animation_duration=&#8221;0.5&#8243; animation_delay=&#8221;0.3&#8243; animation_iteration_count=&#8221;1&#8243;][vc_btn title=&#8221;Plus de d\u00e9tail&#8221; el_class=&#8221;btn btn-lg btn-info&#8221; link=&#8221;url:%2Fservice%2F|||&#8221; css=&#8221;.vc_custom_1511812220398{margin-left: 150px !important;}&#8221;][\/ult_animation_block][\/vc_column][\/vc_row][vc_row][vc_column][\/vc_column][\/vc_row][vc_row full_width=&#8221;stretch_row&#8221; bg_type=&#8221;image&#8221; parallax_style=&#8221;vcpb-default&#8221; bg_image_new=&#8221;id^1601|url^https:\/\/plomberiegoyer.com\/wp-content\/uploads\/2017\/11\/cropped-Blue-drip-header-1600-11.jpg|caption^null|alt^null|title^cropped-Blue-drip-header-1600-1`{`1`}`|description^null&#8221; css=&#8221;.vc_custom_1512061112934{margin-top: -35px !important;padding-bottom: 35px !important;background-color: #1c71e7 !important;}&#8221;][vc_column width=&#8221;1\/2&#8243; offset=&#8221;vc_col-lg-4 vc_col-md-4 vc_col-xs-12&#8243;][ult_animation_block animation=&#8221;No Animation&#8221; animation_duration=&#8221;0.5&#8243; animation_delay=&#8221;0.3&#8243; animation_iteration_count=&#8221;1&#8243;][vc_btn title=&#8221;En savoir plus&#8221; el_class=&#8221;btn btn-lg btn-danger&#8221; css=&#8221;.vc_custom_1511811932103{padding-top: 40px !important;}&#8221; link=&#8221;url:%2Fcontacts%2F|||&#8221;][\/ult_animation_block][\/vc_column][vc_column width=&#8221;1\/2&#8243; offset=&#8221;vc_col-lg-8 vc_col-md-8 vc_col-xs-12&#8243;][ult_animation_block animation=&#8221;No Animation&#8221; animation_duration=&#8221;0.5&#8243; animation_delay=&#8221;0&#8243; animation_iteration_count=&#8221;1&#8243;][vc_custom_heading text=&#8221;Traitement d&#8217;eau&#8221; font_container=&#8221;tag:h2|font_size:36px|text_align:left|color:%23ffffff|line_height:42px&#8221; google_fonts=&#8221;font_family:Roboto%3A100%2C100italic%2C300%2C300italic%2Cregular%2Citalic%2C500%2C500italic%2C700%2C700italic%2C900%2C900italic|font_style:700%20bold%20regular%3A700%3Anormal&#8221; css=&#8221;.vc_custom_1511808776672{margin-bottom: 10px !important;}&#8221;][vc_custom_heading text=&#8221;Il existe plusieurs types de traitement d&#8217;eau en fonction de l&#8217;analyse physico-chimique et bact\u00e9riologique de votre eau, si celle-ci provient d&#8217;un puits. En plus de la duret\u00e9 de l&#8217;eau, il faut souvent traiter pour la turbidit\u00e9 (aspect visuel trouble de l&#8217;eau), le fer et bact\u00e9ries (mauvais go\u00fbt, coloration), le souffre (odeur d&#8217;oeuf pourri) ou la contamination microbienne (coliformes f\u00e9caux, E. coli et kystes parasitaires)&#8221; font_container=&#8221;tag:p|font_size:26px|text_align:left|color:%23ffffff|line_height:40px&#8221; google_fonts=&#8221;font_family:Roboto%3A100%2C100italic%2C300%2C300italic%2Cregular%2Citalic%2C500%2C500italic%2C700%2C700italic%2C900%2C900italic|font_style:300%20light%20regular%3A300%3Anormal&#8221;][\/ult_animation_block][\/vc_column][\/vc_row][vc_row][vc_column][ult_animation_block animation=&#8221;No Animation&#8221; animation_duration=&#8221;0.5&#8243; animation_delay=&#8221;0&#8243; animation_iteration_count=&#8221;1&#8243;][vc_custom_heading text=&#8221;Quelques r\u00e9alisations&#8221; font_container=&#8221;tag:h2|font_size:60px|text_align:center|color:%23000000|line_height:80px&#8221; use_theme_fonts=&#8221;yes&#8221;][\/ult_animation_block][\/vc_column][\/vc_row][vc_row full_width=&#8221;stretch_row_content_no_spaces&#8221; css=&#8221;.vc_custom_1470648245273{margin-top: -35px !important;}&#8221;][vc_column][ult_animation_block animation=&#8221;No Animation&#8221; animation_duration=&#8221;0.5&#8243; animation_delay=&#8221;0.3&#8243; animation_iteration_count=&#8221;1&#8243;][vc_media_grid style=&#8221;pagination&#8221; items_per_page=&#8221;6&#8243; element_width=&#8221;2&#8243; grid_id=&#8221;vc_gid:1512060877090-242a2e0d-dbce-10&#8243; include=&#8221;1569,1574,1559,1560,1561,1562,1563,1564,1565,1566,1567,1568,1558,1557,1556,1555,1554,1553,1552,1551,1550,1549,1548,1547,1546,1575,1508&#8243;][\/ult_animation_block][\/vc_column][\/vc_row][vc_row][vc_column][vc_column_text]<strong>ACCR\u00c9DITATION\u00a0\u00a0 |\u00a0 ASSOCIATION \u00a0| \u00a0CERTIFICATIONS \u00a0| \u00a0NORMALISATIONS<br \/>\n<\/strong><strong>\/\u00a0\u00a0 ASMW \u00a0\u00a0\/\u00a0\u00a0 NSF \u00a0\/\u00a0\u00a0 AWWA \u00a0\u00a0\/\u00a0\u00a0 CWQA \u00a0\u00a0\/\u00a0\u00a0 CSA \u00a0\u00a0\/\u00a0\u00a0 BNQ \u00a0\u00a0\/\u00a0\u00a0 ASP \u00a0\u00a0\/\u00a0\u00a0 AQUA-PROTEC \u00a0\u00a0\/<\/strong>[\/vc_column_text][\/vc_column][\/vc_row][vc_row][vc_column width=&#8221;1\/6&#8243; el_class=&#8221;imgcenter&#8221;][vc_single_image image=&#8221;1613&#8243;][\/vc_column][vc_column width=&#8221;1\/6&#8243; el_class=&#8221;imgcenter&#8221;][vc_single_image image=&#8221;1615&#8243;][\/vc_column][vc_column width=&#8221;1\/6&#8243; el_class=&#8221;imgcenter&#8221;][vc_single_image image=&#8221;1614&#8243;][\/vc_column][vc_column width=&#8221;1\/6&#8243; el_class=&#8221;imgcenter&#8221;][vc_single_image image=&#8221;1612&#8243;][\/vc_column][vc_column width=&#8221;1\/6&#8243; el_class=&#8221;imgcenter&#8221;][vc_single_image image=&#8221;1616&#8243;][\/vc_column][vc_column width=&#8221;1\/6&#8243; el_class=&#8221;imgcenter&#8221;][vc_single_image image=&#8221;1611&#8243;][\/vc_column][\/vc_row]<\/p>","protected":false},"excerpt":{"rendered":"<p>[vc_row full_width=&#8221;stretch_row&#8221; css=&#8221;.vc_custom_1503464019810{margin-top: -100px !important;padding-bottom: 35px !important;background-color: #2a3548 !important;}&#8221; el_class=&#8221;greencorner&#8221;][vc_column width=&#8221;1\/2&#8243; offset=&#8221;vc_col-lg-8 vc_col-md-8 vc_col-xs-12&#8243;][ult_animation_block animation=&#8221;No Animation&#8221; animation_duration=&#8221;0.5&#8243; animation_delay=&#8221;0&#8243; animation_iteration_count=&#8221;1&#8243;][vc_custom_heading text=&#8221;Vous avez un projet en plomberie ?&#8221; font_container=&#8221;tag:h2|font_size:36px|text_align:left|color:%23ffffff|line_height:40px&#8221; google_fonts=&#8221;font_family:Roboto%3A100%2C100italic%2C300%2C300italic%2Cregular%2Citalic%2C500%2C500italic%2C700%2C700italic%2C900%2C900italic|font_style:700%20bold%20regular%3A700%3Anormal&#8221; css=&#8221;.vc_custom_1511801804243{margin-bottom: 10px !important;}&#8221;][vc_custom_heading text=&#8221;Plomberie Goyer, c\u2019est 85 employ\u00e9s et une flotte de plus d\u2019une vingtaine de camions, qui vous garantissent un service fiable et rapide 24 heures<\/p>\n","protected":false},"author":2,"featured_media":0,"parent":0,"menu_order":0,"comment_status":"closed","ping_status":"closed","template":"page-head1.php","meta":{"footnotes":""},"_links":{"self":[{"href":"https:\/\/plomberiegoyer.com\/en\/wp-json\/wp\/v2\/pages\/866"}],"collection":[{"href":"https:\/\/plomberiegoyer.com\/en\/wp-json\/wp\/v2\/pages"}],"about":[{"href":"https:\/\/plomberiegoyer.com\/en\/wp-json\/wp\/v2\/types\/page"}],"author":[{"embeddable":true,"href":"https:\/\/plomberiegoyer.com\/en\/wp-json\/wp\/v2\/users\/2"}],"replies":[{"embeddable":true,"href":"https:\/\/plomberiegoyer.com\/en\/wp-json\/wp\/v2\/comments?post=866"}],"version-history":[{"count":33,"href":"https:\/\/plomberiegoyer.com\/en\/wp-json\/wp\/v2\/pages\/866\/revisions"}],"predecessor-version":[{"id":1921,"href":"https:\/\/plomberiegoyer.com\/en\/wp-json\/wp\/v2\/pages\/866\/revisions\/1921"}],"wp:attachment":[{"href":"https:\/\/plomberiegoyer.com\/en\/wp-json\/wp\/v2\/media?parent=866"}],"curies":[{"name":"wp","href":"https:\/\/api.w.org\/{rel}","templated":true}]}}