{"id":2016,"date":"2018-01-19T13:45:59","date_gmt":"2018-01-19T18:45:59","guid":{"rendered":"http:\/\/nouveau.plomberiegoyer.com\/?page_id=2016"},"modified":"2024-01-16T14:53:17","modified_gmt":"2024-01-16T19:53:17","slug":"ouverture-de-compte","status":"publish","type":"page","link":"https:\/\/plomberiegoyer.com\/en\/ouverture-de-compte\/","title":{"rendered":"Ouverture de compte"},"content":{"rendered":"<h2>Ouverture de compte:<\/h2>\n<p style=\"text-align: center;\">T\u00e9l\u00e9charger, compl\u00e9ter et envoyer \u00e0 : <a href=\"mailto:hm@plomberiegoyer.com\">hm@plomberiegoyer.com<\/a><\/p>\n<p style=\"text-align: center;\"><a class=\"btn\" href=\"https:\/\/plomberiegoyer.com\/wp-content\/uploads\/2023\/12\/Ouverture-de-compte-Residentiel-et-commercial-2023.pdf\" target=\"_blank\" rel=\"noopener\"><strong>Compte commercial<\/strong><\/a><\/p>\n<p style=\"text-align: center;\"><a class=\"btn\" href=\"https:\/\/plomberiegoyer.com\/wp-content\/uploads\/2023\/12\/Ouverture-de-compte-Industriel.pdf\" target=\"_blank\" rel=\"noopener\"><strong>Compte Industriel<\/strong><\/a><\/p>\n","protected":false},"excerpt":{"rendered":"<p>Ouverture de compte: T\u00e9l\u00e9charger, compl\u00e9ter et envoyer \u00e0 : hm@plomberiegoyer.com Compte commercial Compte Industriel<\/p>\n","protected":false},"author":4,"featured_media":0,"parent":0,"menu_order":0,"comment_status":"closed","ping_status":"closed","template":"","meta":{"footnotes":""},"_links":{"self":[{"href":"https:\/\/plomberiegoyer.com\/en\/wp-json\/wp\/v2\/pages\/2016"}],"collection":[{"href":"https:\/\/plomberiegoyer.com\/en\/wp-json\/wp\/v2\/pages"}],"about":[{"href":"https:\/\/plomberiegoyer.com\/en\/wp-json\/wp\/v2\/types\/page"}],"author":[{"embeddable":true,"href":"https:\/\/plomberiegoyer.com\/en\/wp-json\/wp\/v2\/users\/4"}],"replies":[{"embeddable":true,"href":"https:\/\/plomberiegoyer.com\/en\/wp-json\/wp\/v2\/comments?post=2016"}],"version-history":[{"count":11,"href":"https:\/\/plomberiegoyer.com\/en\/wp-json\/wp\/v2\/pages\/2016\/revisions"}],"predecessor-version":[{"id":3085,"href":"https:\/\/plomberiegoyer.com\/en\/wp-json\/wp\/v2\/pages\/2016\/revisions\/3085"}],"wp:attachment":[{"href":"https:\/\/plomberiegoyer.com\/en\/wp-json\/wp\/v2\/media?parent=2016"}],"curies":[{"name":"wp","href":"https:\/\/api.w.org\/{rel}","templated":true}]}}